{"id":1308,"date":"2018-10-10T12:49:29","date_gmt":"2018-10-10T10:49:29","guid":{"rendered":"http:\/\/webdemo.jef.it\/ferrucciovecchi\/?page_id=1308"},"modified":"2021-12-06T18:39:19","modified_gmt":"2021-12-06T17:39:19","slug":"pagamenti-sicuri","status":"publish","type":"page","link":"https:\/\/www.ferrucciovecchi.com\/it\/pagamenti-sicuri\/","title":{"rendered":"Pagamenti Sicuri"},"content":{"rendered":"<p>[vc_row full_width=&#8221;stretch_row&#8221; content_placement=&#8221;middle&#8221; el_class=&#8221;head_shop_page&#8221; css=&#8221;.vc_custom_1537278618659{background-color: #000000 !important;background-position: center !important;background-repeat: no-repeat !important;background-size: cover !important;}&#8221;][vc_column css=&#8221;.vc_custom_1537278260204{background-position: center !important;background-repeat: no-repeat !important;background-size: cover !important;}&#8221;][vc_custom_heading source=&#8221;post_title&#8221; font_container=&#8221;tag:h2|text_align:center&#8221;][\/vc_column][\/vc_row][vc_row el_class=&#8221;testo_cond&#8221;][vc_column][vc_custom_heading text=&#8221;Introduzione&#8221;][vc_column_text]Il pagamento dei tuoi acquisti su ferrucciovecchi.com avviene in totale sicurezza. Il sistema di pagamento (o \u201cpayment gateway\u201d) a cui ci affidiamo \u00e8 PayPal che gestisce sia i pagamenti tramite carta di credito, sia quelli con account PayPal. I dati relativi al tuo pagamento vengono trasmessi su connessione sicura cifrata con protocollo SecureSocketLayer (SSL) direttamente alla piattaforma di pagamento. Per questo motivo in nessun momento della procedura d&#8217;acquisto Tucano \u00e8 in grado di conoscere, e quindi di mantenere in archivio, il numero di carta di credito dell\u2019acquirente trasmesso direttamente a PayPal.<\/p>\n<p>Puoi scegliere quindi di utilizzare la tua carta di credito o debito, oppure il tuo account PayPal:<br \/>\n[\/vc_column_text][vc_custom_heading text=&#8221;Pagamento con Carta di Credito&#8221;][vc_column_text]Puoi scegliere di pagare l\u2019ordine con carta di credito o carta di debito.<br \/>\nTutte le transazioni sono controllate e gestite da PayPal, piattaforma leader nel mondo nel campo dei pagamenti e-commerce. Al momento della conferma d\u2019ordine, verr\u00e0 visualizzata automaticamente una pagina che risiede sul server sicuro di PayPal all\u2019interno della quale potrai inserire i dati della tua carta di credito.<br \/>\nAccettiamo tutte le maggiori carte di credito come Visa, MasterCard e JCB.<br \/>\nSono accettati anche i pagamenti tramite PostePay e tante carte ricaricabili relative al circuito Visa Electron.[\/vc_column_text][vc_custom_heading text=&#8221;Pagamento con PayPal&#8221;][vc_column_text]PayPal \u00e8 un sistema di pagamento che ti permette di pagare on-line senza dover inserire ogni volta il numero della tua carta di credito. \u00c8 semplicissimo: su PayPal.com \u00e8 possibile attivare un account collegato al proprio indirizzo email, scegliere una password e associare una o pi\u00f9 carte di credito. L\u2019inserimento di una carta di credito avviene una sola volta, poi quando acquisterai su ferrucciovecchi.com e su tutti i siti che supportano il pagamento con account PayPal dovrai solamente inserire il tuo indirizzo e-mail e la password prescelta.<\/p>\n<p>Anche in questo caso, al momento della conferma del tuo ordine su ferrucciovecchi.com visualizzerai una pagina che risiede sul server sicuro di PayPal all\u2019interno della quale inserirai l\u2019email collegata al tuo account PayPal e la password.[\/vc_column_text][\/vc_column][\/vc_row]<\/p>\n","protected":false},"excerpt":{"rendered":"<p>[vc_row full_width=&#8221;stretch_row&#8221; content_placement=&#8221;middle&#8221; el_class=&#8221;head_shop_page&#8221; css=&#8221;.vc_custom_1537278618659{background-color: #000000 !important;background-position: center !important;background-repeat: no-repeat !important;background-size: cover !important;}&#8221;][vc_column css=&#8221;.vc_custom_1537278260204{background-position: center !important;background-repeat: no-repeat !important;background-size: cover !important;}&#8221;][vc_custom_heading source=&#8221;post_title&#8221; font_container=&#8221;tag:h2|text_align:center&#8221;][\/vc_column][\/vc_row][vc_row el_class=&#8221;testo_cond&#8221;][vc_column][vc_custom_heading text=&#8221;Introduzione&#8221;][vc_column_text]Il pagamento dei tuoi acquisti su ferrucciovecchi.com avviene in totale sicurezza. Il sistema di pagamento (o \u201cpayment &hellip; <a href=\"https:\/\/www.ferrucciovecchi.com\/it\/pagamenti-sicuri\/\">Continua a leggere<span class=\"meta-nav\">&rarr;<\/span><\/a><\/p>\n","protected":false},"author":1,"featured_media":0,"parent":0,"menu_order":0,"comment_status":"closed","ping_status":"closed","template":"page-archivio-prodotti.php","meta":[],"acf":[],"yoast_head":"<!-- This site is optimized with the Yoast SEO plugin v17.5 - https:\/\/yoast.com\/wordpress\/plugins\/seo\/ -->\n<meta name=\"robots\" content=\"index, follow, max-snippet:-1, max-image-preview:large, max-video-preview:-1\" \/>\n<link rel=\"canonical\" href=\"https:\/\/www.ferrucciovecchi.com\/it\/pagamenti-sicuri\/\" \/>\n<meta property=\"og:locale\" content=\"it_IT\" \/>\n<meta property=\"og:type\" content=\"article\" \/>\n<meta property=\"og:title\" content=\"Pagamenti Sicuri - Ferruccio Vecchi\" \/>\n<meta property=\"og:description\" content=\"[vc_row full_width=&#8221;stretch_row&#8221; content_placement=&#8221;middle&#8221; el_class=&#8221;head_shop_page&#8221; css=&#8221;.vc_custom_1537278618659{background-color: #000000 !important;background-position: center !important;background-repeat: no-repeat !important;background-size: cover !important;}&#8221;][vc_column css=&#8221;.vc_custom_1537278260204{background-position: center !important;background-repeat: no-repeat !important;background-size: cover !important;}&#8221;][vc_custom_heading source=&#8221;post_title&#8221; font_container=&#8221;tag:h2|text_align:center&#8221;][\/vc_column][\/vc_row][vc_row el_class=&#8221;testo_cond&#8221;][vc_column][vc_custom_heading text=&#8221;Introduzione&#8221;][vc_column_text]Il pagamento dei tuoi acquisti su ferrucciovecchi.com avviene in totale sicurezza. Il sistema di pagamento (o \u201cpayment &hellip; Continua a leggere&rarr;\" \/>\n<meta property=\"og:url\" content=\"https:\/\/www.ferrucciovecchi.com\/it\/pagamenti-sicuri\/\" \/>\n<meta property=\"og:site_name\" content=\"Ferruccio Vecchi\" \/>\n<meta property=\"article:modified_time\" content=\"2021-12-06T17:39:19+00:00\" \/>\n<meta name=\"twitter:card\" content=\"summary_large_image\" \/>\n<meta name=\"twitter:label1\" content=\"Tempo di lettura stimato\" \/>\n\t<meta name=\"twitter:data1\" content=\"2 minuti\" \/>\n<script type=\"application\/ld+json\" class=\"yoast-schema-graph\">{\"@context\":\"https:\/\/schema.org\",\"@graph\":[{\"@type\":\"WebSite\",\"@id\":\"https:\/\/www.ferrucciovecchi.com\/it\/#website\",\"url\":\"https:\/\/www.ferrucciovecchi.com\/it\/\",\"name\":\"Ferruccio Vecchi\",\"description\":\"\",\"potentialAction\":[{\"@type\":\"SearchAction\",\"target\":{\"@type\":\"EntryPoint\",\"urlTemplate\":\"https:\/\/www.ferrucciovecchi.com\/it\/?s={search_term_string}\"},\"query-input\":\"required name=search_term_string\"}],\"inLanguage\":\"it-IT\"},{\"@type\":\"WebPage\",\"@id\":\"https:\/\/www.ferrucciovecchi.com\/it\/pagamenti-sicuri\/#webpage\",\"url\":\"https:\/\/www.ferrucciovecchi.com\/it\/pagamenti-sicuri\/\",\"name\":\"Pagamenti Sicuri - Ferruccio Vecchi\",\"isPartOf\":{\"@id\":\"https:\/\/www.ferrucciovecchi.com\/it\/#website\"},\"datePublished\":\"2018-10-10T10:49:29+00:00\",\"dateModified\":\"2021-12-06T17:39:19+00:00\",\"breadcrumb\":{\"@id\":\"https:\/\/www.ferrucciovecchi.com\/it\/pagamenti-sicuri\/#breadcrumb\"},\"inLanguage\":\"it-IT\",\"potentialAction\":[{\"@type\":\"ReadAction\",\"target\":[\"https:\/\/www.ferrucciovecchi.com\/it\/pagamenti-sicuri\/\"]}]},{\"@type\":\"BreadcrumbList\",\"@id\":\"https:\/\/www.ferrucciovecchi.com\/it\/pagamenti-sicuri\/#breadcrumb\",\"itemListElement\":[{\"@type\":\"ListItem\",\"position\":1,\"name\":\"Home\",\"item\":\"https:\/\/www.ferrucciovecchi.com\/it\/\"},{\"@type\":\"ListItem\",\"position\":2,\"name\":\"Pagamenti Sicuri\"}]}]}<\/script>\n<!-- \/ Yoast SEO plugin. -->","yoast_head_json":{"robots":{"index":"index","follow":"follow","max-snippet":"max-snippet:-1","max-image-preview":"max-image-preview:large","max-video-preview":"max-video-preview:-1"},"canonical":"https:\/\/www.ferrucciovecchi.com\/it\/pagamenti-sicuri\/","og_locale":"it_IT","og_type":"article","og_title":"Pagamenti Sicuri - Ferruccio Vecchi","og_description":"[vc_row full_width=&#8221;stretch_row&#8221; content_placement=&#8221;middle&#8221; el_class=&#8221;head_shop_page&#8221; css=&#8221;.vc_custom_1537278618659{background-color: #000000 !important;background-position: center !important;background-repeat: no-repeat !important;background-size: cover !important;}&#8221;][vc_column css=&#8221;.vc_custom_1537278260204{background-position: center !important;background-repeat: no-repeat !important;background-size: cover !important;}&#8221;][vc_custom_heading source=&#8221;post_title&#8221; font_container=&#8221;tag:h2|text_align:center&#8221;][\/vc_column][\/vc_row][vc_row el_class=&#8221;testo_cond&#8221;][vc_column][vc_custom_heading text=&#8221;Introduzione&#8221;][vc_column_text]Il pagamento dei tuoi acquisti su ferrucciovecchi.com avviene in totale sicurezza. Il sistema di pagamento (o \u201cpayment &hellip; Continua a leggere&rarr;","og_url":"https:\/\/www.ferrucciovecchi.com\/it\/pagamenti-sicuri\/","og_site_name":"Ferruccio Vecchi","article_modified_time":"2021-12-06T17:39:19+00:00","twitter_card":"summary_large_image","twitter_misc":{"Tempo di lettura stimato":"2 minuti"},"schema":{"@context":"https:\/\/schema.org","@graph":[{"@type":"WebSite","@id":"https:\/\/www.ferrucciovecchi.com\/it\/#website","url":"https:\/\/www.ferrucciovecchi.com\/it\/","name":"Ferruccio Vecchi","description":"","potentialAction":[{"@type":"SearchAction","target":{"@type":"EntryPoint","urlTemplate":"https:\/\/www.ferrucciovecchi.com\/it\/?s={search_term_string}"},"query-input":"required name=search_term_string"}],"inLanguage":"it-IT"},{"@type":"WebPage","@id":"https:\/\/www.ferrucciovecchi.com\/it\/pagamenti-sicuri\/#webpage","url":"https:\/\/www.ferrucciovecchi.com\/it\/pagamenti-sicuri\/","name":"Pagamenti Sicuri - Ferruccio Vecchi","isPartOf":{"@id":"https:\/\/www.ferrucciovecchi.com\/it\/#website"},"datePublished":"2018-10-10T10:49:29+00:00","dateModified":"2021-12-06T17:39:19+00:00","breadcrumb":{"@id":"https:\/\/www.ferrucciovecchi.com\/it\/pagamenti-sicuri\/#breadcrumb"},"inLanguage":"it-IT","potentialAction":[{"@type":"ReadAction","target":["https:\/\/www.ferrucciovecchi.com\/it\/pagamenti-sicuri\/"]}]},{"@type":"BreadcrumbList","@id":"https:\/\/www.ferrucciovecchi.com\/it\/pagamenti-sicuri\/#breadcrumb","itemListElement":[{"@type":"ListItem","position":1,"name":"Home","item":"https:\/\/www.ferrucciovecchi.com\/it\/"},{"@type":"ListItem","position":2,"name":"Pagamenti Sicuri"}]}]}},"_links":{"self":[{"href":"https:\/\/www.ferrucciovecchi.com\/it\/wp-json\/wp\/v2\/pages\/1308"}],"collection":[{"href":"https:\/\/www.ferrucciovecchi.com\/it\/wp-json\/wp\/v2\/pages"}],"about":[{"href":"https:\/\/www.ferrucciovecchi.com\/it\/wp-json\/wp\/v2\/types\/page"}],"author":[{"embeddable":true,"href":"https:\/\/www.ferrucciovecchi.com\/it\/wp-json\/wp\/v2\/users\/1"}],"replies":[{"embeddable":true,"href":"https:\/\/www.ferrucciovecchi.com\/it\/wp-json\/wp\/v2\/comments?post=1308"}],"version-history":[{"count":2,"href":"https:\/\/www.ferrucciovecchi.com\/it\/wp-json\/wp\/v2\/pages\/1308\/revisions"}],"predecessor-version":[{"id":3673,"href":"https:\/\/www.ferrucciovecchi.com\/it\/wp-json\/wp\/v2\/pages\/1308\/revisions\/3673"}],"wp:attachment":[{"href":"https:\/\/www.ferrucciovecchi.com\/it\/wp-json\/wp\/v2\/media?parent=1308"}],"curies":[{"name":"wp","href":"https:\/\/api.w.org\/{rel}","templated":true}]}}